{"id":12,"date":"2026-02-20T12:03:42","date_gmt":"2026-02-20T12:03:42","guid":{"rendered":"http:\/\/lartdesours.fr\/?page_id=12"},"modified":"2026-03-02T11:38:48","modified_gmt":"2026-03-02T11:38:48","slug":"accueil","status":"publish","type":"page","link":"https:\/\/lartdesours.fr\/","title":{"rendered":"Accueil"},"content":{"rendered":"\n<h1 class=\"wp-block-heading has-text-align-center has-max-72-font-size\"><strong>L&rsquo;Art des Ours<\/strong><\/h1>\n\n\n\n<figure class=\"wp-block-image size-full\"><img loading=\"lazy\" decoding=\"async\" width=\"2560\" height=\"1695\" src=\"http:\/\/lartdesours.fr\/wp-content\/uploads\/2026\/02\/1-Lart-des-Ours-paysage-scaled.jpeg\" alt=\"\" class=\"wp-image-55\" srcset=\"https:\/\/lartdesours.fr\/wp-content\/uploads\/2026\/02\/1-Lart-des-Ours-paysage-scaled.jpeg 2560w, https:\/\/lartdesours.fr\/wp-content\/uploads\/2026\/02\/1-Lart-des-Ours-paysage-300x199.jpeg 300w, https:\/\/lartdesours.fr\/wp-content\/uploads\/2026\/02\/1-Lart-des-Ours-paysage-1024x678.jpeg 1024w, https:\/\/lartdesours.fr\/wp-content\/uploads\/2026\/02\/1-Lart-des-Ours-paysage-2000x1324.jpeg 2000w\" sizes=\"auto, (max-width: 2560px) 100vw, 2560px\" \/><figcaption class=\"wp-element-caption\">L&rsquo;Ours devant son atelier.<\/figcaption><\/figure>\n\n\n\n<p>Je suis <em>R\u00e9my Vincent<\/em>, <strong>artisan d\u2019art<\/strong> connu sous le nom de <strong>L\u2019Art des Ours<\/strong>.<\/p>\n\n\n\n<p>C\u2019est apr\u00e8s une formation universitaire et un poste en tant qu\u2019ing\u00e9nieur en biologie v\u00e9g\u00e9tale que j\u2019ai d\u00e9couvert et suis tomb\u00e9 amoureux des percussions m\u00e9lodiques que je fabrique maintenant.<\/p>\n\n\n\n<p>J\u2019ai d\u00e9marr\u00e9 en f\u00e9vrier 2020 \u00e0 Toulouse avec comme activit\u00e9 principale la manufacture d\u2019instruments de musiques, plus pr\u00e9cis\u00e9ment de percussions m\u00e9lodiques r\u00e9alis\u00e9es \u00e0 partir de <strong>bouteilles de gaz recycl\u00e9es<\/strong>.<\/p>\n\n\n\n<p>Les pi\u00e8ces cr\u00e9\u00e9es sont appel\u00e9es des <strong>Tongue drums<\/strong>, enti\u00e8rement <strong>fabriqu\u00e9s \u00e0 la main<\/strong>. Ce sont des instruments au son cristallin, proche de celui d\u2019une harpe, dont le jeu est tr\u00e8s intuitif et est donc adapt\u00e9 autant \u00e0 des n\u00e9ophytes qu\u2019a des percussionnistes experts.<\/p>\n\n\n\n<p><\/p>\n\n\n\n<p><\/p>\n\n\n\n<p class=\"has-text-align-center\">\u200b\ud83d\udc3b\u200b<em>D\u00e9couvrez l&rsquo;univers m\u00e9lodieux de mes instruments<\/em> \ud83c\udfb6\u200b<\/p>\n\n\n\n<div class=\"wp-block-columns is-layout-flex wp-container-core-columns-is-layout-28f84493 wp-block-columns-is-layout-flex\">\n<div class=\"wp-block-column is-layout-flow wp-block-column-is-layout-flow\">\n<figure class=\"wp-block-image size-full\"><img decoding=\"async\" src=\"http:\/\/lartdesours.fr\/wp-content\/uploads\/2026\/02\/IMG_20250428_110131.jpg\" alt=\"\" class=\"wp-image-80\"\/><\/figure>\n\n\n\n<h2 class=\"wp-block-heading has-text-align-center\"><a href=\"http:\/\/lartdesours.fr\/index.php\/les-tongue-drums\/\" data-type=\"page\" data-id=\"22\">Les Tongue Drums<\/a><\/h2>\n\n\n\n<p class=\"has-text-align-center\">Qu&rsquo;est ce que c&rsquo;est un tongue drum ? D\u00e9couvrez cet instrument intuitif cr\u00e9\u00e9 \u00e0 partir de mat\u00e9riaux recycl\u00e9s.<\/p>\n<\/div>\n\n\n\n<div class=\"wp-block-column is-layout-flow wp-block-column-is-layout-flow\">\n<figure class=\"wp-block-image size-large\"><img loading=\"lazy\" decoding=\"async\" width=\"683\" height=\"1024\" src=\"http:\/\/lartdesours.fr\/wp-content\/uploads\/2026\/02\/2023-08-02-Remy-Lart-des-ours-91-683x1024.jpg\" alt=\"\" class=\"wp-image-79\" srcset=\"https:\/\/lartdesours.fr\/wp-content\/uploads\/2026\/02\/2023-08-02-Remy-Lart-des-ours-91-683x1024.jpg 683w, https:\/\/lartdesours.fr\/wp-content\/uploads\/2026\/02\/2023-08-02-Remy-Lart-des-ours-91-200x300.jpg 200w, https:\/\/lartdesours.fr\/wp-content\/uploads\/2026\/02\/2023-08-02-Remy-Lart-des-ours-91-2000x3000.jpg 2000w, https:\/\/lartdesours.fr\/wp-content\/uploads\/2026\/02\/2023-08-02-Remy-Lart-des-ours-91-scaled.jpg 1707w\" sizes=\"auto, (max-width: 683px) 100vw, 683px\" \/><\/figure>\n\n\n\n<h2 class=\"wp-block-heading has-text-align-center\"><a href=\"http:\/\/lartdesours.fr\/index.php\/latelier\/\" data-type=\"page\" data-id=\"26\">L\u2019Atelier<\/a><\/h2>\n\n\n\n<p class=\"has-text-align-center\">De la bouteille de gaz \u00e0 un instrument cristallin, apprenez-en plus sur la m\u00e9thode de fabrication.<\/p>\n<\/div>\n\n\n\n<div class=\"wp-block-column is-layout-flow wp-block-column-is-layout-flow\">\n<figure class=\"wp-block-image size-full\"><img decoding=\"async\" src=\"http:\/\/lartdesours.fr\/wp-content\/uploads\/2026\/02\/13-Tongues5-1.jpg\" alt=\"\" class=\"wp-image-78\"\/><\/figure>\n\n\n\n<h2 class=\"wp-block-heading has-text-align-center\"><a href=\"http:\/\/lartdesours.fr\/index.php\/galerie\/\" data-type=\"page\" data-id=\"28\">Galerie<\/a><\/h2>\n\n\n\n<p class=\"has-text-align-center\">Venez d\u00e9couvrir les diff\u00e9rentes cr\u00e9ations et designs estampill\u00e9s L&rsquo;Art des Ours !<\/p>\n<\/div>\n<\/div>\n\n\n\n<p><\/p>\n","protected":false},"excerpt":{"rendered":"<p>L&rsquo;Art des Ours Je suis R\u00e9my Vincent, artisan d\u2019art connu sous le nom de L\u2019Art des Ours. C\u2019est apr\u00e8s une formation universitaire et un poste en tant qu\u2019ing\u00e9nieur en biologie v\u00e9g\u00e9tale que j\u2019ai d\u00e9couvert et suis tomb\u00e9 amoureux des percussions m\u00e9lodiques que je fabrique maintenant. J\u2019ai d\u00e9marr\u00e9 en f\u00e9vrier 2020 \u00e0 Toulouse avec comme activit\u00e9 &hellip; <\/p>\n<p class=\"link-more\"><a href=\"https:\/\/lartdesours.fr\/\" class=\"more-link\">Lire la suite de<span class=\"screen-reader-text\">\u00ab\u00a0Accueil\u00a0\u00bb<\/span><\/a><\/p>\n","protected":false},"author":1,"featured_media":0,"parent":0,"menu_order":0,"comment_status":"closed","ping_status":"closed","template":"","meta":{"_inspiro_hide_title":true,"footnotes":""},"class_list":["post-12","page","type-page","status-publish","hentry"],"_links":{"self":[{"href":"https:\/\/lartdesours.fr\/index.php\/wp-json\/wp\/v2\/pages\/12","targetHints":{"allow":["GET"]}}],"collection":[{"href":"https:\/\/lartdesours.fr\/index.php\/wp-json\/wp\/v2\/pages"}],"about":[{"href":"https:\/\/lartdesours.fr\/index.php\/wp-json\/wp\/v2\/types\/page"}],"author":[{"embeddable":true,"href":"https:\/\/lartdesours.fr\/index.php\/wp-json\/wp\/v2\/users\/1"}],"replies":[{"embeddable":true,"href":"https:\/\/lartdesours.fr\/index.php\/wp-json\/wp\/v2\/comments?post=12"}],"version-history":[{"count":13,"href":"https:\/\/lartdesours.fr\/index.php\/wp-json\/wp\/v2\/pages\/12\/revisions"}],"predecessor-version":[{"id":97,"href":"https:\/\/lartdesours.fr\/index.php\/wp-json\/wp\/v2\/pages\/12\/revisions\/97"}],"wp:attachment":[{"href":"https:\/\/lartdesours.fr\/index.php\/wp-json\/wp\/v2\/media?parent=12"}],"curies":[{"name":"wp","href":"https:\/\/api.w.org\/{rel}","templated":true}]}}